{"id":107423,"date":"2026-03-15T00:11:10","date_gmt":"2026-03-15T00:11:10","guid":{"rendered":"https:\/\/coluna.edge-media.net\/apostas\/?page_id=107423"},"modified":"2026-05-16T20:06:17","modified_gmt":"2026-05-16T20:06:17","slug":"politica-de-privacidade","status":"publish","type":"page","link":"https:\/\/colunadofla.com\/apostas\/politica-de-privacidade\/","title":{"rendered":"Pol\u00edtica de Privacidade"},"content":{"rendered":"\n<h1 class=\"wp-block-heading\">Nossa Pol\u00edtica de Privacidade<\/h1>\n\n\n\n<p>Esta Pol\u00edtica de Privacidade \u00e9 aplic\u00e1vel aos usu\u00e1rios do site&nbsp;<strong>colunadofla.com<\/strong>, editado pela&nbsp;<strong>Oddsworld FZCO<\/strong>. Ao acessar nosso Site, voc\u00ea expressamente aceita e concorda com as disposi\u00e7\u00f5es desta Pol\u00edtica de Privacidade. Por conta disso, voc\u00ea deve ler atentamente esta Pol\u00edtica antes de usar o nosso Site.<\/p>\n\n\n\n<p><\/p>\n\n\n\n<h2 class=\"wp-block-heading\">1. Como coletamos dados pessoais<\/h2>\n\n\n\n<p>Os dados que coletamos s\u00e3o sempre limitados ao m\u00ednimo necess\u00e1rio e proporcionais \u00e0 finalidade de cada coleta. S\u00e3o dados de diversas categorias, que variam em quantidade conforme as situa\u00e7\u00f5es descritas a seguir.<\/p>\n\n\n\n<h3 class=\"wp-block-heading\">1.1. Usu\u00e1rios que visitam nosso site<\/h3>\n\n\n\n<p>S\u00e3o fornecidos por voc\u00ea pelo preenchimento de cadastros e formul\u00e1rios em nosso site. Os dados que coletamos s\u00e3o necess\u00e1rios para que possamos lhe dar retorno sobre seus questionamentos, d\u00favidas ou sugest\u00f5es. Quando, al\u00e9m de concordar com o termo de uso de um cadastro, voc\u00ea optar por receber novidades, promo\u00e7\u00f5es e eventos, os seus dados pessoais passam a fazer parte de nossos bancos de dados para que voc\u00ea possa receber nossas comunica\u00e7\u00f5es.<\/p>\n\n\n\n<h3 class=\"wp-block-heading\">1.2. Dados de navega\u00e7\u00e3o<\/h3>\n\n\n\n<p>S\u00e3o fornecidos pela sua navega\u00e7\u00e3o e pelo seu dispositivo, dependendo do tipo do seu dispositivo, das autoriza\u00e7\u00f5es concedidas por voc\u00ea ao Site atrav\u00e9s das configura\u00e7\u00f5es de seu dispositivo ou de seu sistema operacional e das funcionalidades utilizadas, como por exemplo:<\/p>\n\n\n\n<ul class=\"wp-block-list\">\n<li>Endere\u00e7o IP;<\/li>\n\n\n\n<li>Data e hora de uso do Site;<\/li>\n\n\n\n<li>Geolocaliza\u00e7\u00e3o e outras informa\u00e7\u00f5es de localiza\u00e7\u00e3o do Usu\u00e1rio;<\/li>\n\n\n\n<li>Informa\u00e7\u00f5es do seu dispositivo, como sistema operacional, navegador e suas vers\u00f5es, resolu\u00e7\u00e3o da tela;<\/li>\n\n\n\n<li>Informa\u00e7\u00f5es sobre h\u00e1bitos de navega\u00e7\u00e3o, como p\u00e1ginas acessadas no Site, quantidade de cliques, entre outras informa\u00e7\u00f5es;<\/li>\n\n\n\n<li>Informa\u00e7\u00f5es sobre os servi\u00e7os e produtos que voc\u00ea procura e usa e como os procura e usa;<\/li>\n\n\n\n<li>P\u00e1ginas e aplicativos que originaram o acesso ao Site e que foram acessados durante e ap\u00f3s a navega\u00e7\u00e3o no Site.<\/li>\n<\/ul>\n\n\n\n<p>A principal forma de coletar informa\u00e7\u00f5es de navega\u00e7\u00e3o \u00e9 pelo uso de cookies, mas h\u00e1 outras tecnologias que tamb\u00e9m podem ser usadas para essa finalidade.<\/p>\n\n\n\n<h3 class=\"wp-block-heading\">1.3. Dados fornecidos por terceiros<\/h3>\n\n\n\n<p>S\u00e3o fornecidos por outros Usu\u00e1rios sobre voc\u00ea ou por voc\u00ea sobre outras pessoas. Tamb\u00e9m recebemos e usamos informa\u00e7\u00f5es de parceiros estrat\u00e9gicos, fornecedores e prestadores de servi\u00e7os sobre voc\u00ea para as finalidades previstas nesta Pol\u00edtica de Privacidade.<\/p>\n\n\n\n<h2 class=\"wp-block-heading\">2. Marketing Direto<\/h2>\n\n\n\n<p>Tratamos dados pessoais para entrar em contato com voc\u00ea por e-mail ou outros formatos de comunica\u00e7\u00e3o para fornecer informa\u00e7\u00f5es sobre produtos, servi\u00e7os e promo\u00e7\u00f5es pelas quais voc\u00ea demonstrou interesse em nossa plataforma ou de terceiros com os quais mantemos parceria.<\/p>\n\n\n\n<p>Voc\u00ea pode cancelar esse recebimento a qualquer momento, simplesmente clicando no link de cancelamento inclu\u00eddo em cada e-mail ou entrando em contato conosco.<\/p>\n\n\n\n<h2 class=\"wp-block-heading\">3. Destina\u00e7\u00e3o dos dados<\/h2>\n\n\n\n<p>Usamos as informa\u00e7\u00f5es coletadas com o prop\u00f3sito principal de desenvolvermos, mantermos e aperfei\u00e7oarmos os recursos e as funcionalidades do nosso Site e dos nossos produtos e servi\u00e7os, para proporcionarmos uma melhor experi\u00eancia para voc\u00ea. Especificamos abaixo para o que podemos usar as informa\u00e7\u00f5es coletadas:<\/p>\n\n\n\n<ul class=\"wp-block-list\">\n<li>Verificar a sua identidade e dados pessoais e avaliar, manter e melhorar a seguran\u00e7a do Site, a sua, da Oddsworld FZCO e de terceiros, inclusive para identificar e prevenir eventuais amea\u00e7as de seguran\u00e7a;<\/li>\n\n\n\n<li>Fazer melhorias no Site e corrigir problemas;<\/li>\n\n\n\n<li>Permitir que os Usu\u00e1rios compartilhem conte\u00fados em redes sociais e sites e com terceiros;<\/li>\n\n\n\n<li>Possibilitar a execu\u00e7\u00e3o dos servi\u00e7os e de funcionalidades dispon\u00edveis no Site, bem como o cumprimento de obriga\u00e7\u00f5es legais e contratuais deles decorrentes;<\/li>\n\n\n\n<li>Melhorar e desenvolver nossos produtos e servi\u00e7os e finalidades gerais do neg\u00f3cio, como medir a sua efetividade;<\/li>\n\n\n\n<li>Permitir o cumprimento e execu\u00e7\u00e3o de obriga\u00e7\u00f5es legais, regulat\u00f3rias e contratuais e a prote\u00e7\u00e3o e o exerc\u00edcio regular de direitos por voc\u00ea e pela Oddsworld FZCO;<\/li>\n\n\n\n<li>Permitir o cumprimento de requisi\u00e7\u00f5es, solicita\u00e7\u00f5es e decis\u00f5es de autoridades administrativas e judiciais;<\/li>\n\n\n\n<li>Permitir o atendimento ao Usu\u00e1rio e que voc\u00ea consiga entrar em contato conosco sempre que poss\u00edvel, e o contr\u00e1rio tamb\u00e9m.<\/li>\n<\/ul>\n\n\n\n<h2 class=\"wp-block-heading\">4. Compartilhamento dos dados pessoais<\/h2>\n\n\n\n<p>Prezamos muito pela sua privacidade e tratamos os seus dados com muito cuidado e sigilo. Por isso, a Oddsworld FZCO somente compartilha suas informa\u00e7\u00f5es na medida necess\u00e1ria e para as finalidades previstas nesta Pol\u00edtica de Privacidade, nos seguintes casos:<\/p>\n\n\n\n<ul class=\"wp-block-list\">\n<li>Com parceiros estrat\u00e9gicos, prestadores de servi\u00e7os e fornecedores contratados pela Oddsworld FZCO;<\/li>\n\n\n\n<li>Com a sua autoriza\u00e7\u00e3o concedida para os fins desta Pol\u00edtica de Privacidade, ou em outras situa\u00e7\u00f5es em que o seu consentimento seja solicitado;<\/li>\n\n\n\n<li>Com \u00f3rg\u00e3os p\u00fablicos, para cumprimento e execu\u00e7\u00e3o de obriga\u00e7\u00f5es legais, regulat\u00f3rias e contratuais e para a prote\u00e7\u00e3o e o exerc\u00edcio regular de direitos por voc\u00ea e pela Oddsworld FZCO;<\/li>\n\n\n\n<li>Para cumprimento de requisi\u00e7\u00f5es, solicita\u00e7\u00f5es e decis\u00f5es de autoridades judiciais, administrativas ou arbitrais;<\/li>\n\n\n\n<li>Para investiga\u00e7\u00e3o de poss\u00edveis infra\u00e7\u00f5es, inclusive relacionadas ao Site;<\/li>\n\n\n\n<li>Compartilhamento de informa\u00e7\u00f5es anonimizadas, agrupadas, de cookies ou de outras informa\u00e7\u00f5es ou formas que n\u00e3o possibilitem a identifica\u00e7\u00e3o pessoal dos Usu\u00e1rios;<\/li>\n\n\n\n<li>Nos casos de aquisi\u00e7\u00e3o, fus\u00e3o ou outras reorganiza\u00e7\u00f5es societ\u00e1rias.<\/li>\n<\/ul>\n\n\n\n<p>Qualquer compartilhamento de informa\u00e7\u00f5es \u00e9 feito na medida necess\u00e1ria e dentro de padr\u00f5es r\u00edgidos de seguran\u00e7a, sempre visando \u00e0 confidencialidade das suas informa\u00e7\u00f5es.<\/p>\n\n\n\n<h2 class=\"wp-block-heading\">5. Manuten\u00e7\u00e3o, exclus\u00e3o e corre\u00e7\u00e3o de informa\u00e7\u00f5es<\/h2>\n\n\n\n<p>A Oddsworld FZCO mant\u00e9m as informa\u00e7\u00f5es coletadas pelo per\u00edodo necess\u00e1rio para o cumprimento de obriga\u00e7\u00f5es legais e contratuais, para continuar a fornecer seus produtos e servi\u00e7os e para as finalidades previstas nesta Pol\u00edtica de Privacidade.<\/p>\n\n\n\n<p>Voc\u00ea pode solicitar a atualiza\u00e7\u00e3o, corre\u00e7\u00e3o ou exclus\u00e3o de suas informa\u00e7\u00f5es coletadas de acordo com esta Pol\u00edtica de Privacidade entrando em contato conosco. Entretanto, poderemos manter as informa\u00e7\u00f5es para cumprimento de obriga\u00e7\u00f5es legais, contratuais e regulat\u00f3rias, para resguardar e exercer direitos da Oddsworld FZCO e dos Usu\u00e1rios, para continuar fornecendo nossos produtos e servi\u00e7os, para preven\u00e7\u00e3o de atos il\u00edcitos e em processos judiciais, administrativos e arbitrais.<\/p>\n\n\n\n<h2 class=\"wp-block-heading\">6. Seguran\u00e7a das informa\u00e7\u00f5es<\/h2>\n\n\n\n<p>Cuidamos das suas informa\u00e7\u00f5es com padr\u00f5es r\u00edgidos de seguran\u00e7a e confidencialidade, para fornecer aos nossos Usu\u00e1rios um ambiente seguro e confi\u00e1vel. Usamos ferramentas e tecnologias para manter a integridade e confidencialidade das suas informa\u00e7\u00f5es e proteg\u00ea-las de acessos n\u00e3o autorizados, tais como criptografia e uso de dispositivos de seguran\u00e7a para autentica\u00e7\u00e3o do Usu\u00e1rio.<\/p>\n\n\n\n<p>Al\u00e9m disso, restringimos o acesso \u00e0s suas informa\u00e7\u00f5es na medida necess\u00e1ria, com r\u00edgidas obriga\u00e7\u00f5es de confidencialidade e sigilo e mediante a ado\u00e7\u00e3o de medidas de seguran\u00e7a.<\/p>\n\n\n\n<h2 class=\"wp-block-heading\">7. Sites e conte\u00fado de terceiros<\/h2>\n\n\n\n<p>Nosso Site pode conter links para sites e aplicativos de terceiros, incluindo sites de apostas online. Note que dentro destes sites e aplicativos de terceiros voc\u00ea estar\u00e1 sujeito a outros termos de uso e pol\u00edticas de privacidade. Nossa Pol\u00edtica de Privacidade n\u00e3o \u00e9 v\u00e1lida nos sites e aplicativos de terceiros.<\/p>\n\n\n\n<p>A Oddsworld FZCO n\u00e3o \u00e9 uma operadora de jogos de azar ou apostas. Caso voc\u00ea use produtos e\/ou servi\u00e7os e\/ou ofertas promocionais de sites de terceiros mencionados no Site (como sites de apostas online), seu relacionamento com esse terceiro ser\u00e1 regido exclusivamente pelos termos de uso e pol\u00edtica de privacidade desse terceiro.<\/p>\n\n\n\n<h2 class=\"wp-block-heading\">8. Legisla\u00e7\u00e3o Aplic\u00e1vel<\/h2>\n\n\n\n<p>A legisla\u00e7\u00e3o dos Emirados \u00c1rabes Unidos \u00e9 aplic\u00e1vel a esta Pol\u00edtica de Privacidade. Os tribunais competentes dos Emirados \u00c1rabes Unidos ter\u00e3o compet\u00eancia exclusiva para resolver qualquer controv\u00e9rsia decorrente desta Pol\u00edtica.<\/p>\n\n\n\n<p>Data da \u00faltima atualiza\u00e7\u00e3o: 15 de mar\u00e7o de 2026.<\/p>\n","protected":false},"excerpt":{"rendered":"<p>Nossa Pol\u00edtica de Privacidade Esta Pol\u00edtica de Privacidade \u00e9 aplic\u00e1vel aos usu\u00e1rios do site&nbsp;colunadofla.com, editado pela&nbsp;Oddsworld FZCO. Ao acessar nosso Site, voc\u00ea expressamente aceita e concorda com as disposi\u00e7\u00f5es desta Pol\u00edtica de Privacidade. Por conta disso, voc\u00ea deve ler atentamente esta Pol\u00edtica antes de usar o nosso Site. 1. Como coletamos dados pessoais Os dados [&hellip;]<\/p>\n","protected":false},"author":2,"featured_media":0,"parent":0,"menu_order":0,"comment_status":"closed","ping_status":"closed","template":"page-no-sidebar.php","meta":{"_eb_attr":"","footnotes":""},"class_list":["post-107423","page","type-page","status-publish","hentry"],"_links":{"self":[{"href":"https:\/\/colunadofla.com\/apostas\/wp-json\/wp\/v2\/pages\/107423","targetHints":{"allow":["GET"]}}],"collection":[{"href":"https:\/\/colunadofla.com\/apostas\/wp-json\/wp\/v2\/pages"}],"about":[{"href":"https:\/\/colunadofla.com\/apostas\/wp-json\/wp\/v2\/types\/page"}],"author":[{"embeddable":true,"href":"https:\/\/colunadofla.com\/apostas\/wp-json\/wp\/v2\/users\/2"}],"replies":[{"embeddable":true,"href":"https:\/\/colunadofla.com\/apostas\/wp-json\/wp\/v2\/comments?post=107423"}],"version-history":[{"count":2,"href":"https:\/\/colunadofla.com\/apostas\/wp-json\/wp\/v2\/pages\/107423\/revisions"}],"predecessor-version":[{"id":107468,"href":"https:\/\/colunadofla.com\/apostas\/wp-json\/wp\/v2\/pages\/107423\/revisions\/107468"}],"wp:attachment":[{"href":"https:\/\/colunadofla.com\/apostas\/wp-json\/wp\/v2\/media?parent=107423"}],"curies":[{"name":"wp","href":"https:\/\/api.w.org\/{rel}","templated":true}]}}