{"id":107454,"date":"2026-03-15T13:34:22","date_gmt":"2026-03-15T13:34:22","guid":{"rendered":"https:\/\/coluna.edge-media.net\/apostas\/?page_id=107454"},"modified":"2026-05-16T14:23:02","modified_gmt":"2026-05-16T14:23:02","slug":"termos-de-uso","status":"publish","type":"page","link":"https:\/\/colunadofla.com\/apostas\/termos-de-uso\/","title":{"rendered":"Termos de Uso"},"content":{"rendered":"\n<h2 class=\"wp-block-heading\"><strong>Termos de Uso<\/strong><\/h2>\n\n\n\n<p>Estes Termos de Uso especificam os termos de uso do Site acess\u00edvel em https:\/\/colunadofla.com (o &#8220;Site&#8221;).<\/p>\n\n\n\n<p>O Site \u00e9 editado por <strong>Oddsworld FZCO<\/strong>.<\/p>\n\n\n\n<p>Ao acessar o Site, voc\u00ea concorda em cumprir estes Termos de Uso.<\/p>\n\n\n\n<p>Estes Termos de Uso poder\u00e3o ser modificados a qualquer momento. Qualquer modifica\u00e7\u00e3o entrar\u00e1 em vigor assim que for publicada no Site.<\/p>\n\n\n\n<h2 class=\"wp-block-heading\"><strong>Uso do Site<\/strong><\/h2>\n\n\n\n<p>O prop\u00f3sito do Site \u00e9 fornecer not\u00edcias esportivas.<\/p>\n\n\n\n<p>Ao acessar e usar o Site, voc\u00ea concorda em cumprir estes Termos de Uso, todas as leis aplic\u00e1veis e os termos de uso de quaisquer sites de terceiros que possam ser aplic\u00e1veis.<\/p>\n\n\n\n<p>Voc\u00ea pode usar o Site apenas para fins pessoais, privados e n\u00e3o comerciais.<\/p>\n\n\n\n<p>Qualquer reprodu\u00e7\u00e3o, representa\u00e7\u00e3o, adapta\u00e7\u00e3o, distribui\u00e7\u00e3o ou outro uso de todo ou parte do Site e do conte\u00fado do Site, em qualquer m\u00eddia ou por qualquer processo, \u00e9 proibido, exceto mediante o consentimento pr\u00e9vio por escrito da Oddsworld FZCO. Em especial, voc\u00ea concorda em n\u00e3o usar o Site de qualquer maneira que possa concorrer ou afetar adversamente as atividades da Oddsworld FZCO.<\/p>\n\n\n\n<p>Caso o Site disponibilize recursos de compartilhamento, voc\u00ea poder\u00e1 compartilhar conte\u00fado do Site apenas para uso pessoal, privado e para fins n\u00e3o comerciais, em conformidade com estes Termos de Uso e as leis aplic\u00e1veis.<\/p>\n\n\n\n<p>Voc\u00ea tamb\u00e9m se compromete a n\u00e3o danificar ou interferir no funcionamento do Site.<\/p>\n\n\n\n<p>Voc\u00ea concorda em defender, indenizar e isentar a Oddsworld FZCO de todos os danos diretos e indiretos decorrentes de qualquer viola\u00e7\u00e3o destes Termos de Uso, incluindo todas as a\u00e7\u00f5es, reclama\u00e7\u00f5es, queixas, senten\u00e7as, custos e despesas decorrentes de qualquer viola\u00e7\u00e3o destes Termos de Uso.<\/p>\n\n\n\n<h2 class=\"wp-block-heading\"><strong>Limita\u00e7\u00e3o de Responsabilidade<\/strong><\/h2>\n\n\n\n<p>A Oddsworld FZCO envida seus melhores esfor\u00e7os para fornecer e distribuir as not\u00edcias e os conte\u00fados mais precisos e confi\u00e1veis poss\u00edveis. No entanto, erros, omiss\u00f5es e imprecis\u00f5es n\u00e3o podem ser completamente exclu\u00eddos.<\/p>\n\n\n\n<p>Portanto, o conte\u00fado fornecido no Site, incluindo previs\u00f5es e informa\u00e7\u00f5es sobre apostas esportivas, \u00e9 fornecido sem qualquer garantia quanto a sua confiabilidade, precis\u00e3o, integridade ou adequa\u00e7\u00e3o \u00e0 finalidade. O conte\u00fado do Site n\u00e3o constitui conselho ou recomenda\u00e7\u00e3o de qualquer tipo. O conte\u00fado do Site est\u00e1 sujeito a altera\u00e7\u00f5es a qualquer momento. A Oddsworld FZCO n\u00e3o presta garantias a este respeito e n\u00e3o ser\u00e1 respons\u00e1vel pelo uso do conte\u00fado publicado no Site.<\/p>\n\n\n\n<p>A Oddsworld FZCO pode modificar, interromper ou restringir o acesso ao Site a qualquer momento, sem responsabilidade. A Oddsworld FZCO envidar\u00e1 seus melhores esfor\u00e7os para notificar os usu\u00e1rios com anteced\u00eancia sobre qualquer interrup\u00e7\u00e3o do Site.<\/p>\n\n\n\n<p>N\u00e3o h\u00e1 garantia de que o Site esteja livre de viola\u00e7\u00f5es de seguran\u00e7a, como hackers, v\u00edrus ou softwares maliciosos. Voc\u00ea usa o Site por sua conta e risco e sob sua exclusiva responsabilidade.<\/p>\n\n\n\n<p>A Oddsworld FZCO n\u00e3o ser\u00e1 respons\u00e1vel por danos diretos ou indiretos (como perda de receitas ou lucros, danos econ\u00f4micos ou morais) decorrentes do uso ou incapacidade de utiliza\u00e7\u00e3o do Site.<\/p>\n\n\n\n<h2 class=\"wp-block-heading\"><strong>Sites e conte\u00fado de terceiros<\/strong><\/h2>\n\n\n\n<p>O Site pode fazer refer\u00eancia a sites de terceiros (como sites de apostas online), fornecer recursos de compartilhamento ou leitura de conte\u00fado publicado por sites de terceiros (como YouTube ou Twitter) ou conter links de hipertexto para sites de terceiros. A Oddsworld FZCO n\u00e3o tem controle sobre esses sites de terceiros, os quais s\u00e3o regidos por seus pr\u00f3prios termos de uso. Ao usar esses sites, links e recursos de terceiros, voc\u00ea concorda em revisar e cumprir os termos de uso aplic\u00e1veis aos respectivos sites.<\/p>\n\n\n\n<p>A Oddsworld FZCO n\u00e3o \u00e9 uma operadora de jogos de azar ou apostas. Caso voc\u00ea use produtos e\/ou servi\u00e7os e\/ou ofertas promocionais de sites de terceiros mencionados no Site (como sites de apostas online), seu relacionamento com esse terceiro ser\u00e1 regido exclusivamente pelos termos de uso desse terceiro.<\/p>\n\n\n\n<p>A Oddsworld FZCO e os editores desses sites de terceiros permanecem como partes independentes. A Oddsworld FZCO n\u00e3o verifica o conte\u00fado desses sites de terceiros. Portanto, a Oddsworld FZCO n\u00e3o pode ser responsabilizada pelo uso que voc\u00ea faz de quaisquer sites de terceiros.<\/p>\n\n\n\n<h2 class=\"wp-block-heading\"><strong>Propriedade<\/strong><\/h2>\n\n\n\n<p>O Site, o conte\u00fado do Site, qualquer elemento nele contido (como elementos gr\u00e1ficos, c\u00f3digos-fonte etc.), bem como qualquer sinal distintivo (como logotipos, marcas, nomes comerciais etc.) s\u00e3o de propriedade exclusiva da Oddsworld FZCO e\/ou de seus s\u00f3cios e est\u00e3o sujeitos \u00e0s leis aplic\u00e1veis sobre propriedade intelectual.<\/p>\n\n\n\n<p>Qualquer reprodu\u00e7\u00e3o, representa\u00e7\u00e3o, modifica\u00e7\u00e3o, distribui\u00e7\u00e3o ou qualquer outro uso de todas ou de parte das informa\u00e7\u00f5es, conte\u00fados e elementos do Site, em qualquer m\u00eddia ou por qualquer processo, sem o consentimento pr\u00e9vio por escrito da Oddsworld FZCO \u00e9 proibido.<\/p>\n\n\n\n<h2 class=\"wp-block-heading\"><strong>Legisla\u00e7\u00e3o aplic\u00e1vel e foro<\/strong><\/h2>\n\n\n\n<p>Estes Termos de Uso e qualquer controv\u00e9rsia deles resultante s\u00e3o regidos pelas leis dos Emirados \u00c1rabes Unidos.<\/p>\n\n\n\n<p>Os tribunais competentes dos Emirados \u00c1rabes Unidos ter\u00e3o compet\u00eancia exclusiva.<\/p>\n\n\n\n<p>Em caso de controv\u00e9rsia, as partes envidar\u00e3o seus melhores esfor\u00e7os para encontrar uma solu\u00e7\u00e3o amig\u00e1vel antes de propor qualquer a\u00e7\u00e3o judicial.<\/p>\n\n\n\n<p><strong>Data da \u00faltima atualiza\u00e7\u00e3o: 15 de mar\u00e7o de 2026.<\/strong><\/p>\n","protected":false},"excerpt":{"rendered":"<p>Termos de Uso Estes Termos de Uso especificam os termos de uso do Site acess\u00edvel em https:\/\/colunadofla.com (o &#8220;Site&#8221;). O Site \u00e9 editado por Oddsworld FZCO. Ao acessar o Site, voc\u00ea concorda em cumprir estes Termos de Uso. Estes Termos de Uso poder\u00e3o ser modificados a qualquer momento. Qualquer modifica\u00e7\u00e3o entrar\u00e1 em vigor assim que [&hellip;]<\/p>\n","protected":false},"author":2,"featured_media":0,"parent":0,"menu_order":0,"comment_status":"closed","ping_status":"closed","template":"page-no-sidebar.php","meta":{"_eb_attr":"","footnotes":""},"class_list":["post-107454","page","type-page","status-publish","hentry"],"_links":{"self":[{"href":"https:\/\/colunadofla.com\/apostas\/wp-json\/wp\/v2\/pages\/107454","targetHints":{"allow":["GET"]}}],"collection":[{"href":"https:\/\/colunadofla.com\/apostas\/wp-json\/wp\/v2\/pages"}],"about":[{"href":"https:\/\/colunadofla.com\/apostas\/wp-json\/wp\/v2\/types\/page"}],"author":[{"embeddable":true,"href":"https:\/\/colunadofla.com\/apostas\/wp-json\/wp\/v2\/users\/2"}],"replies":[{"embeddable":true,"href":"https:\/\/colunadofla.com\/apostas\/wp-json\/wp\/v2\/comments?post=107454"}],"version-history":[{"count":1,"href":"https:\/\/colunadofla.com\/apostas\/wp-json\/wp\/v2\/pages\/107454\/revisions"}],"predecessor-version":[{"id":107456,"href":"https:\/\/colunadofla.com\/apostas\/wp-json\/wp\/v2\/pages\/107454\/revisions\/107456"}],"wp:attachment":[{"href":"https:\/\/colunadofla.com\/apostas\/wp-json\/wp\/v2\/media?parent=107454"}],"curies":[{"name":"wp","href":"https:\/\/api.w.org\/{rel}","templated":true}]}}