{"id":107469,"date":"2026-03-15T13:59:16","date_gmt":"2026-03-15T13:59:16","guid":{"rendered":"https:\/\/coluna.edge-media.net\/apostas\/?page_id=107469"},"modified":"2026-05-15T21:51:09","modified_gmt":"2026-05-15T21:51:09","slug":"como-a-coluna-do-fla-avalia-as-casas-de-apostas","status":"publish","type":"page","link":"https:\/\/colunadofla.com\/apostas\/como-a-coluna-do-fla-avalia-as-casas-de-apostas\/","title":{"rendered":"Como a Coluna do Fl\u00e1 avalia as Casas de Apostas"},"content":{"rendered":"\n<p>A equipe da Coluna do Fl\u00e1 analisa cada plataforma com rigor total \u2014 para que voc\u00ea aposte com seguran\u00e7a e informa\u00e7\u00e3o de qualidade.<\/p>\n\n\n\n<p>Mantemos total transpar\u00eancia nas nossas an\u00e1lises e classifica\u00e7\u00f5es das casas de apostas em opera\u00e7\u00e3o no Brasil. Seguimos um conjunto rigoroso de crit\u00e9rios \u2014 sempre atualizados conforme a regulamenta\u00e7\u00e3o da <strong>Secretaria de Pr\u00eamios e Apostas do Minist\u00e9rio da Fazenda<\/strong> \u2014 para garantir que voc\u00ea tenha acesso a informa\u00e7\u00f5es honestas e atualizadas.<\/p>\n\n\n\n<p><strong>30+<\/strong> crit\u00e9rios analisados | <strong>100%<\/strong> imparcialidade | <strong>1\u20135<\/strong> escala de avalia\u00e7\u00e3o<\/p>\n\n\n\n<h2 class=\"wp-block-heading\">Por que isso importa para voc\u00ea?<\/h2>\n\n\n\n<p>O mercado brasileiro de apostas cresceu muito r\u00e1pido. Com isso, surgiram dezenas de plataformas \u2014 algumas excelentes, outras problem\u00e1ticas. Nossa fun\u00e7\u00e3o \u00e9 separar o joio do trigo antes que voc\u00ea precise fazer isso na m\u00e3o, com dinheiro em jogo.<\/p>\n\n\n\n<p>Seguimos os crit\u00e9rios da regulamenta\u00e7\u00e3o brasileira vigente, gerida pela <strong>Secretaria de Pr\u00eamios e Apostas do Minist\u00e9rio da Fazenda<\/strong>, e revisamos nossas an\u00e1lises sempre que as regras mudam.<\/p>\n\n\n\n<h2 class=\"wp-block-heading\">Os Principais Fatores que Analisamos<\/h2>\n\n\n\n<p>Para garantir que nossas an\u00e1lises s\u00e3o imparciais, honestas e confi\u00e1veis, nos pautamos por mais de 30 fatores que s\u00e3o considerados por nossos especialistas ao escreverem os reviews das bets. Entenda em detalhes.&nbsp;<\/p>\n\n\n\n<h3 class=\"wp-block-heading\">\ud83d\udd12 Seguran\u00e7a &amp; Reputa\u00e7\u00e3o<\/h3>\n\n\n\n<p>O primeiro filtro \u00e9 inegoci\u00e1vel. Uma casa que n\u00e3o passa aqui sequer entra na nossa an\u00e1lise.<\/p>\n\n\n\n<p>1. S\u00f3 recomendamos plataformas que possuem <strong>autoriza\u00e7\u00e3o oficial para operar no Brasil<\/strong>, conforme os crit\u00e9rios da Secretaria de Pr\u00eamios e Apostas<\/p>\n\n\n\n<p>2. Levamos em conta se a casa <strong>investe no esporte nacional<\/strong>, seja patrocinando clubes ou competi\u00e7\u00f5es<\/p>\n\n\n\n<p>3. Pesquisamos se a plataforma j\u00e1 foi <strong>reconhecida com pr\u00eamios do setor<\/strong> \u2014 apostas esportivas, app, atendimento, etc.<\/p>\n\n\n\n<p>4. Mapeamos o que os <strong>apostadores brasileiros falam sobre a casa<\/strong> em diferentes canais, priorizando reputa\u00e7\u00f5es consistentemente positivas<\/p>\n\n\n\n<p>5. Verificamos tecnicamente se o site utiliza <strong>protocolo SSL com criptografia de 128 ou 256 bits<\/strong> para proteger os dados dos usu\u00e1rios<\/p>\n\n\n\n<p>6. Analisamos a reputa\u00e7\u00e3o da bet tanto no Reclame Aqui, como em f\u00f3runs especializados de apostadores no Reddit e no Quora, al\u00e9m de dados das redes sociais para garantir casas que ofere\u00e7am uma boa experi\u00eancia aos apostadores.<\/p>\n\n\n\n<h3 class=\"wp-block-heading\">\ud83c\udf81 B\u00f4nus &amp; Promo\u00e7\u00f5es<\/h3>\n\n\n\n<p>Com as mudan\u00e7as regulat\u00f3rias no Brasil, esse crit\u00e9rio passou por atualiza\u00e7\u00e3o. Explicamos o que vale agora.<\/p>\n\n\n\n<p>7. N\u00e3o trabalhamos com casas que ainda oferecem <strong>b\u00f4nus vinculados a dep\u00f3sito ou b\u00f4nus de boas-vindas<\/strong> \u2014 essa pr\u00e1tica foi proibida pela regulamenta\u00e7\u00e3o atual<\/p>\n\n\n\n<p>8. Para promo\u00e7\u00f5es permitidas, analisamos se as <strong>condi\u00e7\u00f5es de libera\u00e7\u00e3o s\u00e3o justas<\/strong>: rollover razo\u00e1vel, prazo de validade adequado e odd m\u00ednima acess\u00edvel<\/p>\n\n\n\n<p>9. Testamos pessoalmente as <strong>promo\u00e7\u00f5es dispon\u00edveis para clientes ativos<\/strong>, como odds turbinadas em apostas combinadas<\/p>\n\n\n\n<p>10. Avaliamos a exist\u00eancia e a qualidade de <strong>programas de fidelidade e clubes VIP<\/strong> para quem aposta com regularidade<\/p>\n\n\n\n<h3 class=\"wp-block-heading\">\ud83d\udcac Atendimento ao Cliente<\/h3>\n\n\n\n<p>Testamos cada canal de suporte pessoalmente, cronometrando respostas e avaliando a qualidade da comunica\u00e7\u00e3o. Afinal, se voc\u00ea tiver qualquer problema, \u00e9 indispens\u00e1vel ter um bom respaldo da plataforma bet.&nbsp;<\/p>\n\n\n\n<p>11. <strong>Acionamos todos os canais dispon\u00edveis <\/strong>\u2014 chat, e-mail e telefone \u2014 e documentamos cada intera\u00e7\u00e3o<\/p>\n\n\n\n<p>12. No chat ao vivo, <strong>medimos o tempo real de resposta<\/strong>, com prefer\u00eancia por plataformas que atendem em menos de 3 minutos<\/p>\n\n\n\n<p>13. Verificamos a <strong>disponibilidade do suporte ao longo do dia <\/strong>\u2014 quanto mais horas de cobertura, melhor<\/p>\n\n\n\n<p>14. Avaliamos a <strong>qualidade das respostas<\/strong>: s\u00e3o precisas? Resolvem o problema? Ou s\u00e3o gen\u00e9ricas e evasivas?<\/p>\n\n\n\n<p>15. Todo o atendimento deve ser conduzido em<strong> portugu\u00eas brasileiro fluente,<\/strong> sem depender de tradu\u00e7\u00f5es autom\u00e1ticas<\/p>\n\n\n\n<p>16. Valorizamos plataformas com uma <strong>central de ajuda (FAQ) bem estruturada<\/strong>, que antecipa as d\u00favidas mais comum<\/p>\n\n\n\n<h3 class=\"wp-block-heading\">\u26bd Recursos para Apostas Esportivas<\/h3>\n\n\n\n<p>Aqui entra o cora\u00e7\u00e3o da an\u00e1lise \u2014 o que a casa oferece de verdade para quem quer apostar em esportes. Afinal, \u00e9 essencial que a bet traga o que h\u00e1 de mais moderno e as melhores ferramentas para transformar sua experi\u00eancia \u2014 agradando desde iniciantes, at\u00e9 apostadores experientes.&nbsp;<\/p>\n\n\n\n<p>17. Assistimos a <strong>transmiss\u00f5es ao vivo dentro da pr\u00f3pria plataforma<\/strong> e avaliamos qualidade de imagem, cobertura de eventos e estabilidade<\/p>\n\n\n\n<p>18. Testamos o recurso de <strong>cash out em diferentes mercados<\/strong> para verificar se funciona de forma \u00e1gil e confi\u00e1vel<\/p>\n\n\n\n<p>19. Verificamos se h\u00e1 ferramentas de <strong>apoio para constru\u00e7\u00e3o de apostas m\u00faltiplas<\/strong>, facilitando a vida do apostador<\/p>\n\n\n\n<p>20. Mapeamos a <strong>amplitude da cobertura esportiva<\/strong>: n\u00famero de modalidades, campeonatos dispon\u00edveis e tipos de mercado (1X2, handicap asi\u00e1tico, totais, etc.)<\/p>\n\n\n\n<p>21. Comparamos as <strong>odds praticadas com as de outros operadores<\/strong> do mercado brasileiro \u2014 margem baixa significa mais valor para o apostador<\/p>\n\n\n\n<p>22. Avaliamos se a plataforma oferece <strong>dados e estat\u00edsticas integrados<\/strong>, como forma, hist\u00f3rico de confrontos e desempenho de jogadores<\/p>\n\n\n\n<h3 class=\"wp-block-heading\">\ud83d\udcf1 Aplicativo M\u00f3vel<\/h3>\n\n\n\n<p>A maioria dos apostadores brasileiros usa o celular como principal dispositivo. O app precisa estar \u00e0 altura.<\/p>\n\n\n\n<p>23. Verificamos a <strong>disponibilidade para Android e iOS<\/strong> \u2014 e se n\u00e3o houver app nativo, analisamos a qualidade da vers\u00e3o mobile<\/p>\n\n\n\n<p>24. Preferimos apps distribu\u00eddos pelas <strong>lojas oficiais<\/strong> (Google Play e App Store), o que oferece mais garantias ao usu\u00e1rio<\/p>\n\n\n\n<p>25. Usamos o aplicativo no dia a dia para avaliar se a <strong>experi\u00eancia \u00e9 fluida e intuitiva<\/strong>, sem curva de aprendizado desnecess\u00e1ria<\/p>\n\n\n\n<p>26. Conferimos se o app oferece <strong>paridade funcional com a vers\u00e3o desktop<\/strong> \u2014 apostas ao vivo, saque, dep\u00f3sito, hist\u00f3rico, tudo tem que estar l\u00e1<\/p>\n\n\n\n<p>27. Monitoramos o <strong>tamanho do arquivo instalado<\/strong> \u2014 apps pesados demais s\u00e3o um problema real para boa parte dos usu\u00e1rios brasileiros<\/p>\n\n\n\n<p>28. Para quem prefere o navegador, testamos tamb\u00e9m se a <strong>vers\u00e3o mobile web<\/strong> se adapta bem a diferentes tamanhos de tela<\/p>\n\n\n\n<h3 class=\"wp-block-heading\">\ud83d\udcb3 Pagamentos<\/h3>\n\n\n\n<p>Rapidez e seguran\u00e7a nas transa\u00e7\u00f5es financeiras s\u00e3o b\u00e1sicos. Mas h\u00e1 detalhes que muita gente n\u00e3o sabe verificar. Mais do que um dep\u00f3sito acess\u00edvel, \u00e9 necess\u00e1rio que os saques sejam r\u00e1pidos, eficazes e em valores pratic\u00e1veis. Por isso, tudo aqui \u00e9 testado.<\/p>\n\n\n\n<p>29. S\u00f3 trabalhamos com plataformas que operam dentro das regras atuais \u2014 ou seja, que <strong>n\u00e3o aceitam cart\u00e3o de cr\u00e9dito, boleto banc\u00e1rio ou criptomoedas<\/strong> como meio de pagamento<\/p>\n\n\n\n<p>30. Realizamos <strong>transa\u00e7\u00f5es reais de dep\u00f3sito e saque via Pix<\/strong> e medimos o tempo efetivo de processamento<\/p>\n\n\n\n<p>31. Checamos se a casa cobra algum tipo de <strong>taxa sobre movimenta\u00e7\u00f5es financeiras<\/strong> \u2014 a resposta aceit\u00e1vel \u00e9: nenhuma<\/p>\n\n\n\n<p>32. Observamos o <strong>valor m\u00ednimo de dep\u00f3sito exigido<\/strong> \u2014 quanto mais acess\u00edvel, melhor para o apostador iniciante<\/p>\n\n\n\n<p>33. Verificamos as <strong>regras para o saque<\/strong>, garantindo que elas est\u00e3o dentro da lei e s\u00e3o pratic\u00e1veis<\/p>\n\n\n\n<p>34. Verificamos o<strong> valor m\u00ednimo de saque<\/strong> (preferindo casas sem limite ou com valores baixos) e tamb\u00e9m as condi\u00e7\u00f5es (como presen\u00e7a de rollover em saques)<\/p>\n\n\n\n<p>35. Realizamos saques e <strong>medimos o tempo<\/strong>, dando prioridade para casas de apostas que pagam em menos de 120 minutos (tempo m\u00e1ximo estipulado pela lei)<\/p>\n\n\n\n<h2 class=\"wp-block-heading\">Nossa escala de avalia\u00e7\u00e3o<\/h2>\n\n\n\n<p>Depois de realizarmos todos os testes pr\u00e1ticos e compararmos com a m\u00e9dia do mercado, separamos as plataformas bet em diferentes categorias de nota, que varia de 1 a 5, seguindo o par\u00e2metro abaixo:<\/p>\n\n\n\n<ul class=\"wp-block-list\">\n<li>\u2b50\u2b50\u2b50\u2b50\u2b50 <strong>5 estrelas \u2014 Refer\u00eancia do mercado<\/strong> Plataforma que n\u00e3o apenas cumpre todos os nossos crit\u00e9rios, mas os supera. Recomenda\u00e7\u00e3o sem reservas.<\/li>\n\n\n\n<li>\u2b50\u2b50\u2b50\u2b50 <strong>4 estrelas \u2014 S\u00f3lida e confi\u00e1vel<\/strong> Passa na grande maioria das categorias. \u00c9 segura, oferece boa experi\u00eancia, mas tem pontos que ainda podem evoluir.<\/li>\n\n\n\n<li>\u2b50\u2b50\u2b50 <strong>3 estrelas \u2014 Aceit\u00e1vel<\/strong> Funciona, \u00e9 segura, mas fica aqu\u00e9m das l\u00edderes. Vale com consci\u00eancia das limita\u00e7\u00f5es.<\/li>\n\n\n\n<li>\u2b50\u2b50 <strong>2 estrelas \u2014 Abaixo do esperado<\/strong> Apresenta falhas relevantes e n\u00e3o recebe nossa recomenda\u00e7\u00e3o. Existem op\u00e7\u00f5es melhores para o seu dinheiro.<\/li>\n\n\n\n<li>\u2b50 <strong>1 estrela \u2014 Fuja<\/strong> Plataforma com problemas s\u00e9rios de seguran\u00e7a, reputa\u00e7\u00e3o ou transpar\u00eancia. N\u00e3o aposte aqui.<\/li>\n<\/ul>\n\n\n\n<p>E, claro,todas essas indica\u00e7\u00f5es est\u00e3o presentes nas nossas an\u00e1lises. Porque aqui prezamos pela sinceridade.<\/p>\n\n\n\n<h2 class=\"wp-block-heading\">O que diferencia as an\u00e1lises da Coluna do Fl\u00e1?<\/h2>\n\n\n\n<p>Entre tantos sites fazendo reviews de sites de apostas, por que voc\u00ea deveria confiar na Coluna do Fl\u00e1? Al\u00e9m da s\u00f3lida experi\u00eancia em cobertura esportiva, nossa se\u00e7\u00e3o de apostas conta com par\u00e2metros claros, garantindo informa\u00e7\u00e3o segura, atualizada e confi\u00e1vel. Veja nossos diferenciais:<\/p>\n\n\n\n<ul class=\"wp-block-list\">\n<li><strong>Testes com dinheiro real<\/strong>: cada an\u00e1lise envolve uso efetivo da plataforma \u2014 dep\u00f3sito, apostas e saque. N\u00e3o emitimos opini\u00e3o sobre o que n\u00e3o vivemos.<\/li>\n\n\n\n<li><strong>Cobertura do mercado brasileiro<\/strong>: avaliamos tudo pela \u00f3tica do apostador daqui: idioma, m\u00e9todos de pagamento locais, suporte em portugu\u00eas e conformidade com a lei brasileira.<\/li>\n\n\n\n<li><strong>Atualiza\u00e7\u00e3o cont\u00ednua<\/strong>: o setor muda r\u00e1pido. Revisamos nossas an\u00e1lises sempre que uma casa atualiza suas condi\u00e7\u00f5es ou quando a regulamenta\u00e7\u00e3o avan\u00e7a.<\/li>\n\n\n\n<li><strong>Editorial independente<\/strong>: temos parcerias comerciais \u2014 e declaramos isso abertamente. Mas elas n\u00e3o t\u00eam qualquer influ\u00eancia sobre as notas que atribu\u00edmos.<\/li>\n\n\n\n<li><strong>Jogo respons\u00e1vel em primeiro lugar<\/strong>: s\u00f3 recomendamos plataformas que disponibilizam ferramentas de controle e autoexclus\u00e3o para seus usu\u00e1rios.<\/li>\n<\/ul>\n\n\n\n<p>Al\u00e9m desses pontos, contamos com uma equipe especializada, com redatores que t\u00eam anos de experi\u00eancia no setor e s\u00e3o tamb\u00e9m apostadores. Portanto, capazes de trazerem uma \u00f3tica exclusiva para suas an\u00e1lises.<\/p>\n\n\n\n<h2 class=\"wp-block-heading\">\u26a0 Nota de transpar\u00eancia<\/h2>\n\n\n\n<p>A Coluna do Fl\u00e1 mant\u00e9m rela\u00e7\u00f5es comerciais com algumas das casas de apostas analisadas neste site e pode receber remunera\u00e7\u00e3o por indica\u00e7\u00f5es. Essa informa\u00e7\u00e3o \u00e9 sempre declarada. Nossa pol\u00edtica editorial garante que nenhuma parceria interfere nas avalia\u00e7\u00f5es publicadas \u2014 as notas refletem exclusivamente o resultado dos nossos testes e crit\u00e9rios.<\/p>\n\n\n\n<p>O conte\u00fado desta p\u00e1gina \u00e9 de car\u00e1ter informativo. <strong>Apostar \u00e9 uma decis\u00e3o pessoal e financeira \u2014 e ela \u00e9 inteiramente sua.<\/strong><\/p>\n","protected":false},"excerpt":{"rendered":"<p>A equipe da Coluna do Fl\u00e1 analisa cada plataforma com rigor total \u2014 para que voc\u00ea aposte com seguran\u00e7a e informa\u00e7\u00e3o de qualidade. Mantemos total transpar\u00eancia nas nossas an\u00e1lises e classifica\u00e7\u00f5es das casas de apostas em opera\u00e7\u00e3o no Brasil. Seguimos um conjunto rigoroso de crit\u00e9rios \u2014 sempre atualizados conforme a regulamenta\u00e7\u00e3o da Secretaria de Pr\u00eamios [&hellip;]<\/p>\n","protected":false},"author":2,"featured_media":0,"parent":0,"menu_order":0,"comment_status":"closed","ping_status":"closed","template":"page-no-sidebar.php","meta":{"_eb_attr":"","footnotes":""},"class_list":["post-107469","page","type-page","status-publish","hentry"],"_links":{"self":[{"href":"https:\/\/colunadofla.com\/apostas\/wp-json\/wp\/v2\/pages\/107469","targetHints":{"allow":["GET"]}}],"collection":[{"href":"https:\/\/colunadofla.com\/apostas\/wp-json\/wp\/v2\/pages"}],"about":[{"href":"https:\/\/colunadofla.com\/apostas\/wp-json\/wp\/v2\/types\/page"}],"author":[{"embeddable":true,"href":"https:\/\/colunadofla.com\/apostas\/wp-json\/wp\/v2\/users\/2"}],"replies":[{"embeddable":true,"href":"https:\/\/colunadofla.com\/apostas\/wp-json\/wp\/v2\/comments?post=107469"}],"version-history":[{"count":1,"href":"https:\/\/colunadofla.com\/apostas\/wp-json\/wp\/v2\/pages\/107469\/revisions"}],"predecessor-version":[{"id":107471,"href":"https:\/\/colunadofla.com\/apostas\/wp-json\/wp\/v2\/pages\/107469\/revisions\/107471"}],"wp:attachment":[{"href":"https:\/\/colunadofla.com\/apostas\/wp-json\/wp\/v2\/media?parent=107469"}],"curies":[{"name":"wp","href":"https:\/\/api.w.org\/{rel}","templated":true}]}}